{"id":1956,"date":"2022-07-14T15:43:06","date_gmt":"2022-07-14T13:43:06","guid":{"rendered":"https:\/\/homelessfestival.org\/seccion-oficial\/"},"modified":"2025-11-18T16:55:51","modified_gmt":"2025-11-18T15:55:51","slug":"official-section","status":"publish","type":"page","link":"https:\/\/homelessfestival.org\/en\/official-section\/","title":{"rendered":"Official section"},"content":{"rendered":"\n<h2>\n\t\t\tOfficial Section\t<\/h2>\n\t<p>Among the 269 entries submitted, these were the short films selected as <strong>finalists<\/strong> in the Official Selection:<\/p>\n<b>\u2022 Freelance<\/b>. Miguel Casta\u00f1o.\n<b>\u2022 Au dessus des rails<\/b>. Tom Vallejo.\n<b>\u2022 Al Fresco.<\/b> Ignacio\u00a0Rod\u00f3.\n<p>And the winner of the<strong> Besarkada Award<\/strong> (Official Selection) was &#8220;<strong>Au dessus des rails.<\/strong> Tom Vallejo.&#8221;<\/p>\n<h2>\n\t\t\tSponsored by\t<\/h2>\n\t\t\t\t<img decoding=\"async\" src=\"https:\/\/homelessfestival.org\/wp-content\/uploads\/2024\/07\/Eitb_corp.svg_-2.png\" alt=\"Eitb_corp.svg\" itemprop=\"image\" height=\"208\" width=\"523\" title=\"Eitb_corp.svg\" onerror=\"this.style.display='none'\" loading=\"lazy\" \/>\n\t\t\t<a href=\"https:\/\/homelessfestival.org\/wp-content\/uploads\/2025\/06\/HFF10_Official-Section_Rules.pdf\" target=\"_blank\" rel=\"noopener\">\n\t\t\t\t\t\t\tRules 2025\n\t\t\t<\/a>\n\t<a href=\"#\" id=\"trigger-\" role=\"button\" data-modal=\"\" data-node=\"\">\n\t\t\t\t\t\t\t\t\t2024\n\t\t\t\t\t\t\t\t\t\t\t\t<\/a>\n\t\t\t\t\t\tPreview\n\t\t\tmodal-\n<p>Among the 663 works, the <strong>finalists<\/strong> of the Official Section have been:<\/p>\n\u2022 <strong>El extra\u00f1o caso del hombre bala<\/strong><strong>.<\/strong> Roberto Valencia<br \/>\n\u2022 <strong>La legge del mercato<\/strong><strong>.<\/strong> Alessandro Panza<br \/>\n\u2022 <strong>Macumbo.<\/strong> Christian Feminine I Reverte<br \/>\n\u2022 <strong>Moshpit.<\/strong> Rafa Arroyo<br \/>\n\u2022 <strong>Anyway.<\/strong> Nicolas Maurin\n<p>The short film <strong>&#8220;El extra\u00f1o caso del hombre bala&#8221;<\/strong> will receive the EITB Besarkada award (Official Section).<\/p>\n\t\t<iframe loading=\"lazy\" width=\"560\" height=\"315\" src=\"https:\/\/www.youtube-nocookie.com\/embed\/4LW7DlWAwpM?si=E_neQtzr44-cclpA\" title=\"YouTube video player\" frameborder=\"0\" allow=\"accelerometer; autoplay; clipboard-write; encrypted-media; gyroscope; picture-in-picture; web-share\" referrerpolicy=\"strict-origin-when-cross-origin\" allowfullscreen><\/iframe>\t\n\t\t\t\t\t\t\t\t\t<img loading=\"lazy\" decoding=\"async\" src=\"https:\/\/homelessfestival.org\/wp-content\/uploads\/2025\/10\/homeless-film-festival-el-extrano-caso-del-hombre-bala-roberto-valencia.jpg\" alt=\"homeless-film-festival-el-extrano-caso-del-hombre-bala-roberto-valencia\" itemprop=\"image\" height=\"800\" width=\"1200\" srcset=\"https:\/\/homelessfestival.org\/wp-content\/uploads\/2025\/10\/homeless-film-festival-el-extrano-caso-del-hombre-bala-roberto-valencia.jpg 1200w, https:\/\/homelessfestival.org\/wp-content\/uploads\/2025\/10\/homeless-film-festival-el-extrano-caso-del-hombre-bala-roberto-valencia-300x200.jpg 300w, https:\/\/homelessfestival.org\/wp-content\/uploads\/2025\/10\/homeless-film-festival-el-extrano-caso-del-hombre-bala-roberto-valencia-1024x683.jpg 1024w, https:\/\/homelessfestival.org\/wp-content\/uploads\/2025\/10\/homeless-film-festival-el-extrano-caso-del-hombre-bala-roberto-valencia-768x512.jpg 768w, https:\/\/homelessfestival.org\/wp-content\/uploads\/2025\/10\/homeless-film-festival-el-extrano-caso-del-hombre-bala-roberto-valencia-600x400.jpg 600w\" sizes=\"auto, (max-width: 1200px) 100vw, 1200px\" title=\"homeless-film-festival-el-extrano-caso-del-hombre-bala-roberto-valencia\" onerror=\"this.style.display='none'\"  \/>\n\t\t\t\t\t\t\t\t\t<img loading=\"lazy\" decoding=\"async\" src=\"https:\/\/homelessfestival.org\/wp-content\/uploads\/2024\/11\/HFF24-El-extrano-caso-del-hombre-bala-kartela-1.jpg\" alt=\"HFF24-El extran\u0303o caso del hombre bala kartela\" itemprop=\"image\" height=\"2362\" width=\"1670\" srcset=\"https:\/\/homelessfestival.org\/wp-content\/uploads\/2024\/11\/HFF24-El-extrano-caso-del-hombre-bala-kartela-1.jpg 1670w, https:\/\/homelessfestival.org\/wp-content\/uploads\/2024\/11\/HFF24-El-extrano-caso-del-hombre-bala-kartela-1-600x849.jpg 600w, https:\/\/homelessfestival.org\/wp-content\/uploads\/2024\/11\/HFF24-El-extrano-caso-del-hombre-bala-kartela-1-212x300.jpg 212w, https:\/\/homelessfestival.org\/wp-content\/uploads\/2024\/11\/HFF24-El-extrano-caso-del-hombre-bala-kartela-1-724x1024.jpg 724w, https:\/\/homelessfestival.org\/wp-content\/uploads\/2024\/11\/HFF24-El-extrano-caso-del-hombre-bala-kartela-1-768x1086.jpg 768w, https:\/\/homelessfestival.org\/wp-content\/uploads\/2024\/11\/HFF24-El-extrano-caso-del-hombre-bala-kartela-1-1086x1536.jpg 1086w, https:\/\/homelessfestival.org\/wp-content\/uploads\/2024\/11\/HFF24-El-extrano-caso-del-hombre-bala-kartela-1-1448x2048.jpg 1448w\" sizes=\"auto, (max-width: 1670px) 100vw, 1670px\" title=\"HFF24-El extran\u0303o caso del hombre bala kartela\" onerror=\"this.style.display='none'\"  \/>\n\t<a href=\"#\" id=\"trigger-\" role=\"button\" data-modal=\"\" data-node=\"\">\n\t\t\t\t\t\t\t\t\t2023\n\t\t\t\t\t\t\t\t\t\t\t\t<\/a>\n\t\t\t\t\t\tPreview\n\t\t\tmodal-\n\t\t<h2>\n\t\tBESARKADA Award 2023 &#8211; Todo va bien (Adri\u00e1n Ordo\u00f1ez)\n\t<\/h2>\n\t<p>Rachid, a young Moroccan immigrant, survives in a shelter and fights for his Spanish dream. Although nothing comes easy for him, he gets a job in a restaurant and manages to meet the girl he likes. However, reality will show him that he hardly has any options; his letters are marked by his North African origin.<\/p>\n<strong>Direction: <\/strong>Adri\u00e1n Ordo\u00f1ez<br \/>\n<strong>Cast: <\/strong>Hassan el Boujaddaini, Oussama Boukhriss, Adriana Cura, Emejota Ortiz, BigCid, Elena de Cara.<br \/>\n<strong>Script: <\/strong>Sergio Rubio<br \/>\n<strong>Art: <\/strong>Coko Correa<br \/>\n<strong>Sound: <\/strong>Javier L\u00f3pez \/ Antonio Pe\u00f1alba<br \/>\n<strong>Music: <\/strong>Fat Fern\u00e1ndez \/ DJ Juli\u00e1n L\u00f3pez Fracassi<br \/>\n<strong>Country: <\/strong>Espa\u00f1a\n<p><img loading=\"lazy\" decoding=\"async\" src=\"https:\/\/homelessfestival.org\/wp-content\/uploads\/2023\/10\/Todo-va-bien_poster-2-212x300.jpg\" alt=\"\" width=\"212\" height=\"300\" srcset=\"https:\/\/homelessfestival.org\/wp-content\/uploads\/2023\/10\/Todo-va-bien_poster-2-212x300.jpg 212w, https:\/\/homelessfestival.org\/wp-content\/uploads\/2023\/10\/Todo-va-bien_poster-2-scaled-600x849.jpg 600w, https:\/\/homelessfestival.org\/wp-content\/uploads\/2023\/10\/Todo-va-bien_poster-2-724x1024.jpg 724w, https:\/\/homelessfestival.org\/wp-content\/uploads\/2023\/10\/Todo-va-bien_poster-2-768x1086.jpg 768w, https:\/\/homelessfestival.org\/wp-content\/uploads\/2023\/10\/Todo-va-bien_poster-2-1086x1536.jpg 1086w, https:\/\/homelessfestival.org\/wp-content\/uploads\/2023\/10\/Todo-va-bien_poster-2-1448x2048.jpg 1448w, https:\/\/homelessfestival.org\/wp-content\/uploads\/2023\/10\/Todo-va-bien_poster-2-scaled.jpg 1810w\" sizes=\"auto, (max-width: 212px) 100vw, 212px\" title=\"\"><\/p>\n\t\t\t\t\t\t\t\t\t<img loading=\"lazy\" decoding=\"async\" src=\"https:\/\/homelessfestival.org\/wp-content\/uploads\/2023\/11\/foto-Besarkada-Saria-1.jpg\" alt=\"foto Besarkada Saria\" itemprop=\"image\" height=\"1080\" width=\"1080\" srcset=\"https:\/\/homelessfestival.org\/wp-content\/uploads\/2023\/11\/foto-Besarkada-Saria-1.jpg 1080w, https:\/\/homelessfestival.org\/wp-content\/uploads\/2023\/11\/foto-Besarkada-Saria-1-300x300.jpg 300w, https:\/\/homelessfestival.org\/wp-content\/uploads\/2023\/11\/foto-Besarkada-Saria-1-100x100.jpg 100w, https:\/\/homelessfestival.org\/wp-content\/uploads\/2023\/11\/foto-Besarkada-Saria-1-600x600.jpg 600w, https:\/\/homelessfestival.org\/wp-content\/uploads\/2023\/11\/foto-Besarkada-Saria-1-1024x1024.jpg 1024w, https:\/\/homelessfestival.org\/wp-content\/uploads\/2023\/11\/foto-Besarkada-Saria-1-150x150.jpg 150w, https:\/\/homelessfestival.org\/wp-content\/uploads\/2023\/11\/foto-Besarkada-Saria-1-768x768.jpg 768w\" sizes=\"auto, (max-width: 1080px) 100vw, 1080px\" title=\"foto Besarkada Saria\" onerror=\"this.style.display='none'\"  \/>\n\t\t\t\t<img loading=\"lazy\" decoding=\"async\" src=\"https:\/\/homelessfestival.org\/wp-content\/uploads\/2023\/10\/Todo-va-bien_still1-1.png\" alt=\"Todo va bien_still1\" itemprop=\"image\" height=\"858\" width=\"2048\" title=\"Todo va bien_still1\" onerror=\"this.style.display='none'\" srcset=\"https:\/\/homelessfestival.org\/wp-content\/uploads\/2023\/10\/Todo-va-bien_still1-1.png 2048w, https:\/\/homelessfestival.org\/wp-content\/uploads\/2023\/10\/Todo-va-bien_still1-1-600x251.png 600w, https:\/\/homelessfestival.org\/wp-content\/uploads\/2023\/10\/Todo-va-bien_still1-1-300x126.png 300w, https:\/\/homelessfestival.org\/wp-content\/uploads\/2023\/10\/Todo-va-bien_still1-1-1024x429.png 1024w, https:\/\/homelessfestival.org\/wp-content\/uploads\/2023\/10\/Todo-va-bien_still1-1-768x322.png 768w, https:\/\/homelessfestival.org\/wp-content\/uploads\/2023\/10\/Todo-va-bien_still1-1-1536x644.png 1536w\" sizes=\"auto, (max-width: 2048px) 100vw, 2048px\" \/>\n\t\t\t\t<img loading=\"lazy\" decoding=\"async\" src=\"https:\/\/homelessfestival.org\/wp-content\/uploads\/2023\/10\/Todo-va-bien_still2.png\" alt=\"Todo va bien_still2\" itemprop=\"image\" height=\"858\" width=\"2048\" title=\"Todo va bien_still2\" onerror=\"this.style.display='none'\" srcset=\"https:\/\/homelessfestival.org\/wp-content\/uploads\/2023\/10\/Todo-va-bien_still2.png 2048w, https:\/\/homelessfestival.org\/wp-content\/uploads\/2023\/10\/Todo-va-bien_still2-600x251.png 600w, https:\/\/homelessfestival.org\/wp-content\/uploads\/2023\/10\/Todo-va-bien_still2-300x126.png 300w, https:\/\/homelessfestival.org\/wp-content\/uploads\/2023\/10\/Todo-va-bien_still2-1024x429.png 1024w, https:\/\/homelessfestival.org\/wp-content\/uploads\/2023\/10\/Todo-va-bien_still2-768x322.png 768w, https:\/\/homelessfestival.org\/wp-content\/uploads\/2023\/10\/Todo-va-bien_still2-1536x644.png 1536w\" sizes=\"auto, (max-width: 2048px) 100vw, 2048px\" \/>\n\t<a href=\"#\" id=\"trigger-\" role=\"button\" data-modal=\"\" data-node=\"\">\n\t\t\t\t\t\t\t\t\t2022\n\t\t\t\t\t\t\t\t\t\t\t\t<\/a>\n\t\t\t\t\t\tPreview\n\t\t\tmodal-\n\t\t<h2>\n\t\tPremio BESARKADA Saria 2022 &#8211; Distancias (Susan B\u00e9jar)\n\t<\/h2>\n\t<p>A veces, en el metro, entra alguien con pinta de loco, y a su alrededor se empieza a crear un vac\u00edo. Pero \u00bfqu\u00e9 pasar\u00eda si en vez de apartarte, eligieras tratarlo con normalidad? Quiz\u00e1 descubrir\u00edas que en su interior habita alguien que alg\u00fan d\u00eda estuvo cuerdo. O quiz\u00e1 descubrir\u00edas, que en el fondo, todos estamos locos.<\/p>\n<strong>Direcci\u00f3n: <\/strong>Susan B\u00e9jar<br \/>\n<strong>Int\u00e9rpretes: <\/strong>Ana Villa, Edu Rej\u00f3n<br \/>\n<strong>Gui\u00f3n: <\/strong>Susan B\u00e9jar<br \/>\n<strong>Producci\u00f3n:<\/strong>\u00a0Susan B\u00e9jar<br \/>\n<strong>Fotograf\u00eda: <\/strong>Imanol Nabea<br \/>\n<strong>Arte: <\/strong>Andr\u00e9s L\u00f3pez Rosas<br \/>\n<strong>Montaje: <\/strong>Guillermo A. Chaia<br \/>\n<strong>Sonido: <\/strong>Federico P\u00e1jaro<br \/>\n<strong>M\u00fasica: <\/strong>Juli\u00e1n Alvarez Chaia\n<strong>Lugar de rodaje: <\/strong>Madrid<br \/>\n<strong>A\u00f1o de producci\u00f3n: <\/strong>2020<br \/>\n<strong>G\u00e9nero: <\/strong>Ficci\u00f3n<br \/>\n<strong>Duraci\u00f3n: <\/strong>13 min.<br \/>\n<strong>Pa\u00eds: <\/strong>Espa\u00f1a\n\t<iframe loading=\"lazy\" width=\"560\" height=\"315\" src=\"https:\/\/www.youtube.com\/embed\/wDLMXu0yQ-M\" title=\"YouTube video player\" frameborder=\"0\" allow=\"accelerometer; autoplay; clipboard-write; encrypted-media; gyroscope; picture-in-picture\" allowfullscreen><\/iframe>\n\t\t\t\t\t\t\t\t\t<img loading=\"lazy\" decoding=\"async\" src=\"https:\/\/homelessfestival.org\/wp-content\/uploads\/2022\/12\/Seccion-Oficial-1-scaled.jpg\" alt=\"Seccion Oficial\" itemprop=\"image\" height=\"1707\" width=\"2560\" srcset=\"https:\/\/homelessfestival.org\/wp-content\/uploads\/2022\/12\/Seccion-Oficial-1-scaled.jpg 2560w, https:\/\/homelessfestival.org\/wp-content\/uploads\/2022\/12\/Seccion-Oficial-1-scaled-600x400.jpg 600w, https:\/\/homelessfestival.org\/wp-content\/uploads\/2022\/12\/Seccion-Oficial-1-300x200.jpg 300w, https:\/\/homelessfestival.org\/wp-content\/uploads\/2022\/12\/Seccion-Oficial-1-1024x683.jpg 1024w, https:\/\/homelessfestival.org\/wp-content\/uploads\/2022\/12\/Seccion-Oficial-1-768x512.jpg 768w, https:\/\/homelessfestival.org\/wp-content\/uploads\/2022\/12\/Seccion-Oficial-1-1536x1024.jpg 1536w, https:\/\/homelessfestival.org\/wp-content\/uploads\/2022\/12\/Seccion-Oficial-1-2048x1365.jpg 2048w\" sizes=\"auto, (max-width: 2560px) 100vw, 2560px\" title=\"Seccion Oficial\" onerror=\"this.style.display='none'\"  \/>\n\t\t\t\t\t\t\t\t\t<img loading=\"lazy\" decoding=\"async\" src=\"https:\/\/homelessfestival.org\/wp-content\/uploads\/2022\/11\/Cartel-Distancias_RGB_47x66.5_300pp-2.jpg\" alt=\"Cartel Distancias_RGB_47x66.5_300pp (2)\" itemprop=\"image\" height=\"7874\" width=\"5568\" srcset=\"https:\/\/homelessfestival.org\/wp-content\/uploads\/2022\/11\/Cartel-Distancias_RGB_47x66.5_300pp-2.jpg 5568w, https:\/\/homelessfestival.org\/wp-content\/uploads\/2022\/11\/Cartel-Distancias_RGB_47x66.5_300pp-2-600x848.jpg 600w, https:\/\/homelessfestival.org\/wp-content\/uploads\/2022\/11\/Cartel-Distancias_RGB_47x66.5_300pp-2-212x300.jpg 212w, https:\/\/homelessfestival.org\/wp-content\/uploads\/2022\/11\/Cartel-Distancias_RGB_47x66.5_300pp-2-724x1024.jpg 724w, https:\/\/homelessfestival.org\/wp-content\/uploads\/2022\/11\/Cartel-Distancias_RGB_47x66.5_300pp-2-768x1086.jpg 768w, https:\/\/homelessfestival.org\/wp-content\/uploads\/2022\/11\/Cartel-Distancias_RGB_47x66.5_300pp-2-1086x1536.jpg 1086w\" sizes=\"auto, (max-width: 5568px) 100vw, 5568px\" title=\"Cartel Distancias_RGB_47x66.5_300pp (2)\" onerror=\"this.style.display='none'\"  \/>\n\t\t\t\t<img loading=\"lazy\" decoding=\"async\" src=\"https:\/\/homelessfestival.org\/wp-content\/uploads\/2022\/11\/DISTANCIAS_FOTO3-1-scaled.jpg\" alt=\"DISTANCIAS_FOTO3 (1)\" itemprop=\"image\" height=\"1440\" width=\"2560\" title=\"DISTANCIAS_FOTO3 (1)\" onerror=\"this.style.display='none'\" srcset=\"https:\/\/homelessfestival.org\/wp-content\/uploads\/2022\/11\/DISTANCIAS_FOTO3-1-scaled.jpg 2560w, https:\/\/homelessfestival.org\/wp-content\/uploads\/2022\/11\/DISTANCIAS_FOTO3-1-scaled-600x338.jpg 600w, https:\/\/homelessfestival.org\/wp-content\/uploads\/2022\/11\/DISTANCIAS_FOTO3-1-300x169.jpg 300w, https:\/\/homelessfestival.org\/wp-content\/uploads\/2022\/11\/DISTANCIAS_FOTO3-1-1024x576.jpg 1024w, https:\/\/homelessfestival.org\/wp-content\/uploads\/2022\/11\/DISTANCIAS_FOTO3-1-768x432.jpg 768w, https:\/\/homelessfestival.org\/wp-content\/uploads\/2022\/11\/DISTANCIAS_FOTO3-1-1536x864.jpg 1536w, https:\/\/homelessfestival.org\/wp-content\/uploads\/2022\/11\/DISTANCIAS_FOTO3-1-2048x1152.jpg 2048w\" sizes=\"auto, (max-width: 2560px) 100vw, 2560px\" \/>\n\t\t\t\t<img loading=\"lazy\" decoding=\"async\" src=\"https:\/\/homelessfestival.org\/wp-content\/uploads\/2022\/11\/DISTANCIAS_FOTO4-2-scaled.jpg\" alt=\"DISTANCIAS_FOTO4 (2)\" itemprop=\"image\" height=\"1440\" width=\"2560\" title=\"DISTANCIAS_FOTO4 (2)\" onerror=\"this.style.display='none'\" srcset=\"https:\/\/homelessfestival.org\/wp-content\/uploads\/2022\/11\/DISTANCIAS_FOTO4-2-scaled.jpg 2560w, https:\/\/homelessfestival.org\/wp-content\/uploads\/2022\/11\/DISTANCIAS_FOTO4-2-scaled-600x338.jpg 600w, https:\/\/homelessfestival.org\/wp-content\/uploads\/2022\/11\/DISTANCIAS_FOTO4-2-300x169.jpg 300w, https:\/\/homelessfestival.org\/wp-content\/uploads\/2022\/11\/DISTANCIAS_FOTO4-2-1024x576.jpg 1024w, https:\/\/homelessfestival.org\/wp-content\/uploads\/2022\/11\/DISTANCIAS_FOTO4-2-768x432.jpg 768w, https:\/\/homelessfestival.org\/wp-content\/uploads\/2022\/11\/DISTANCIAS_FOTO4-2-1536x864.jpg 1536w, https:\/\/homelessfestival.org\/wp-content\/uploads\/2022\/11\/DISTANCIAS_FOTO4-2-2048x1152.jpg 2048w\" sizes=\"auto, (max-width: 2560px) 100vw, 2560px\" \/>\n\t\t\t\t<img decoding=\"async\" src=\"https:\/\/homelessfestival.org\/wp-content\/uploads\/2025\/11\/Au-Dessus-des-Rails-Tom-Vallejo-homeless-film-festival-2025-1.jpg\" alt=\"Au-Dessus-des-Rails-Tom Vallejo-homeless film festival 2025\" itemprop=\"image\" height=\"478\" width=\"724\" title=\"Au-Dessus-des-Rails-Tom Vallejo-homeless film festival 2025\" onerror=\"this.style.display='none'\" loading=\"lazy\" \/>\n\t<p>Besarkada Award (Official Selection): &#8216;Au dessus des rails&#8217;. Director: Tom Vallejo.<\/p>\n\t\t\t\t<img decoding=\"async\" src=\"https:\/\/homelessfestival.org\/wp-content\/uploads\/2025\/10\/poster-Au-Dessus-des-Rails-1.jpg\" alt=\"poster-Au-Dessus-des-Rails\" itemprop=\"image\" height=\"1024\" width=\"724\" title=\"poster-Au-Dessus-des-Rails\" onerror=\"this.style.display='none'\" loading=\"lazy\" \/>\n\n","protected":false},"excerpt":{"rendered":"<p>Official Section Among the 269 entries submitted, these were the short films selected as finalists in the Official Selection: \u2022 Freelance. Miguel Casta\u00f1o. \u2022 Au dessus des rails. Tom Vallejo.&hellip;<\/p>\n","protected":false},"author":6,"featured_media":0,"parent":0,"menu_order":0,"comment_status":"closed","ping_status":"closed","template":"","meta":{"_price":"","_stock":"","_tribe_ticket_header":"","_tribe_default_ticket_provider":"","_tribe_ticket_capacity":"0","_ticket_start_date":"","_ticket_end_date":"","_tribe_ticket_show_description":"","_tribe_ticket_show_not_going":false,"_tribe_ticket_use_global_stock":"","_tribe_ticket_global_stock_level":"","_global_stock_mode":"","_global_stock_cap":"","_tribe_rsvp_for_event":"","_tribe_ticket_going_count":"","_tribe_ticket_not_going_count":"","_tribe_tickets_list":"[]","_tribe_ticket_has_attendee_info_fields":false,"footnotes":"","_tec_slr_enabled":"","_tec_slr_layout":""},"class_list":["post-1956","page","type-page","status-publish","hentry"],"ticketed":false,"_links":{"self":[{"href":"https:\/\/homelessfestival.org\/en\/wp-json\/wp\/v2\/pages\/1956","targetHints":{"allow":["GET"]}}],"collection":[{"href":"https:\/\/homelessfestival.org\/en\/wp-json\/wp\/v2\/pages"}],"about":[{"href":"https:\/\/homelessfestival.org\/en\/wp-json\/wp\/v2\/types\/page"}],"author":[{"embeddable":true,"href":"https:\/\/homelessfestival.org\/en\/wp-json\/wp\/v2\/users\/6"}],"replies":[{"embeddable":true,"href":"https:\/\/homelessfestival.org\/en\/wp-json\/wp\/v2\/comments?post=1956"}],"version-history":[{"count":5,"href":"https:\/\/homelessfestival.org\/en\/wp-json\/wp\/v2\/pages\/1956\/revisions"}],"predecessor-version":[{"id":7259,"href":"https:\/\/homelessfestival.org\/en\/wp-json\/wp\/v2\/pages\/1956\/revisions\/7259"}],"wp:attachment":[{"href":"https:\/\/homelessfestival.org\/en\/wp-json\/wp\/v2\/media?parent=1956"}],"curies":[{"name":"wp","href":"https:\/\/api.w.org\/{rel}","templated":true}]}}