{"id":892,"date":"2019-10-15T10:58:09","date_gmt":"2019-10-15T08:58:09","guid":{"rendered":"https:\/\/homelessfestival.org\/kalean\/"},"modified":"2025-11-18T19:38:25","modified_gmt":"2025-11-18T18:38:25","slug":"kalean","status":"publish","type":"page","link":"https:\/\/homelessfestival.org\/en\/kalean\/","title":{"rendered":"Kalean"},"content":{"rendered":"\n<h2>\n\t\t\tKalean award\t<\/h2>\n\t<p>Bizitegi, as part of the <strong><a href=\"https:\/\/www.santurzine.es\/\" target=\"_blank\" rel=\"noopener\">Santurzine Festival,<\/a><\/strong> awards the <strong>Kalean Prize to the short film that best reflects social values,<\/strong> with a prize of \u20ac500. This year, the winning short film was &#8216;A-Maniki&#8217; by Elixabet Nu\u00f1ez, which received the Kalean Prize at the Santurzine gala.<\/p>\n\t\t\t\t<a href=\"https:\/\/www.santurzine.es\/\" target=\"_blank\" rel=\"noopener\" itemprop=\"url\">\n\t\t\t\t<img decoding=\"async\" src=\"https:\/\/homelessfestival.org\/wp-content\/uploads\/2022\/07\/SZ.png\" alt=\"SZ\" itemprop=\"image\" height=\"572\" width=\"1339\" title=\"SZ\" onerror=\"this.style.display='none'\" loading=\"lazy\" \/>\n\t\t\t\t<\/a>\n\t<a href=\"#\" id=\"trigger-\" role=\"button\" data-modal=\"\" data-node=\"\">\n\t\t\t\t\t\t\t\t\tKalean Award 2024\n\t\t\t\t\t\t\t\t\t\t\t\t<\/a>\n\t\t\t\t\t\tPreview\n\t\t\tmodal-\n\t<h1  data-node=\"o23pfliuvcrw\" data-parent=\"71w8pj60bcqs\" data-type=\"heading\" data-name=\"Heading\">\n\t\t\tKalean Award 2024\t<\/h1>\n\t<ul>\n\t\t\t<li>\n\t\t\t\t&#8220;Malegro verte&#8221; N\u00fcll Garc\u00eda\n\t\t\t<\/li>\n\t\t<\/ul>\n\t\t<iframe loading=\"lazy\" title=\"2024_Premio Kalean 2024 - Homeless Film Festival 2024\" width=\"500\" height=\"281\" src=\"https:\/\/www.youtube.com\/embed\/xuw_oUHnnEs?feature=oembed\" frameborder=\"0\" allow=\"accelerometer; autoplay; clipboard-write; encrypted-media; gyroscope; picture-in-picture; web-share\" referrerpolicy=\"strict-origin-when-cross-origin\" allowfullscreen><\/iframe>\t\n\t\t<iframe loading=\"lazy\" title=\"2024_Trailer &quot;Malegro verte&quot;, premio Kalean - Homeless Film Festival 2024\" width=\"500\" height=\"281\" src=\"https:\/\/www.youtube.com\/embed\/weUtGLIBAYQ?feature=oembed\" frameborder=\"0\" allow=\"accelerometer; autoplay; clipboard-write; encrypted-media; gyroscope; picture-in-picture; web-share\" referrerpolicy=\"strict-origin-when-cross-origin\" allowfullscreen><\/iframe>\t\n\t\t\t\t<img decoding=\"async\" src=\"https:\/\/homelessfestival.org\/wp-content\/uploads\/2024\/11\/Malegro-Verte-01-2.jpg\" alt=\"Malegro-Verte-01\" itemprop=\"image\" height=\"493\" width=\"1174\" title=\"Malegro-Verte-01\" onerror=\"this.style.display='none'\" loading=\"lazy\" srcset=\"https:\/\/homelessfestival.org\/wp-content\/uploads\/2024\/11\/Malegro-Verte-01-2.jpg 1174w, https:\/\/homelessfestival.org\/wp-content\/uploads\/2024\/11\/Malegro-Verte-01-2-600x252.jpg 600w, https:\/\/homelessfestival.org\/wp-content\/uploads\/2024\/11\/Malegro-Verte-01-2-300x126.jpg 300w, https:\/\/homelessfestival.org\/wp-content\/uploads\/2024\/11\/Malegro-Verte-01-2-1024x430.jpg 1024w, https:\/\/homelessfestival.org\/wp-content\/uploads\/2024\/11\/Malegro-Verte-01-2-768x323.jpg 768w\" sizes=\"auto, (max-width: 1174px) 100vw, 1174px\" \/>\n\t<a href=\"#\" id=\"trigger-\" role=\"button\" data-modal=\"\" data-node=\"\">\n\t\t\t\t\t\t\t\t\tKalean Award 2022\n\t\t\t\t\t\t\t\t\t\t\t\t<\/a>\n\t\t\t\t\t\tPreview\n\t\t\tmodal-\n\t\t<h1>\n\t\tPremio Kalean 2023\n\t<\/h1>\n\t\t<h2>\n\t\t<a href=\"https:\/\/www.santurzine.es\/sz8\/selecci%C3%B3n-2020\/\" title=\"Premiado Kalean\" target=\"_blank\" rel=\"noopener\">\n\t\tPremiado Kalean\n\t\t<\/a>\n\t<\/h2>\n\t<ul>\n\t\t\t<li>\n\t\t\t\t&#8220;Muga&#8221; de E\u00f1aut Castagnet\n\t\t\t<\/li>\n\t\t<\/ul>\n\t<meta itemprop=\"url\" content=\"https:\/\/homelessfestival.org\/wp-content\/uploads\/2023\/11\/Recortado-Menos-peso.mp4\" \/><!--[if lt IE 9]><![endif]-->\n<video id=\"video-892-1\" width=\"640\" height=\"360\" poster=\"https:\/\/homelessfestival.org\/wp-content\/uploads\/2021\/10\/Captura-de-pantalla-2021-10-20-a-las-10.55.34.png\" preload=\"none\" controls=\"controls\"><source type=\"video\/mp4\" src=\"https:\/\/homelessfestival.org\/wp-content\/uploads\/2023\/11\/Recortado-Menos-peso.mp4?_=1\" \/><source type=\"video\/mp4\" src=\"https:\/\/homelessfestival.org\/wp-content\/uploads\/2023\/11\/Recortado-Menos-peso.mp4?_=1\" \/><a href=\"https:\/\/homelessfestival.org\/wp-content\/uploads\/2023\/11\/Recortado-Menos-peso.mp4\">https:\/\/homelessfestival.org\/wp-content\/uploads\/2023\/11\/Recortado-Menos-peso.mp4<\/a><\/video>\n\t\t\t\t<img loading=\"lazy\" decoding=\"async\" src=\"https:\/\/homelessfestival.org\/wp-content\/uploads\/2023\/11\/MG_6579-1-scaled.jpg\" alt=\"_MG_6579\" itemprop=\"image\" height=\"1707\" width=\"2560\" title=\"_MG_6579\" onerror=\"this.style.display='none'\" srcset=\"https:\/\/homelessfestival.org\/wp-content\/uploads\/2023\/11\/MG_6579-1-scaled.jpg 2560w, https:\/\/homelessfestival.org\/wp-content\/uploads\/2023\/11\/MG_6579-1-scaled-600x400.jpg 600w, https:\/\/homelessfestival.org\/wp-content\/uploads\/2023\/11\/MG_6579-1-300x200.jpg 300w, https:\/\/homelessfestival.org\/wp-content\/uploads\/2023\/11\/MG_6579-1-1024x683.jpg 1024w, https:\/\/homelessfestival.org\/wp-content\/uploads\/2023\/11\/MG_6579-1-768x512.jpg 768w, https:\/\/homelessfestival.org\/wp-content\/uploads\/2023\/11\/MG_6579-1-1536x1024.jpg 1536w, https:\/\/homelessfestival.org\/wp-content\/uploads\/2023\/11\/MG_6579-1-2048x1365.jpg 2048w\" sizes=\"auto, (max-width: 2560px) 100vw, 2560px\" \/>\n\t\t\t\t<img loading=\"lazy\" decoding=\"async\" src=\"https:\/\/homelessfestival.org\/wp-content\/uploads\/2023\/11\/MG_6591-scaled-2.jpeg\" alt=\"MG_6591-scaled\" itemprop=\"image\" height=\"2560\" width=\"1707\" title=\"MG_6591-scaled\" onerror=\"this.style.display='none'\" srcset=\"https:\/\/homelessfestival.org\/wp-content\/uploads\/2023\/11\/MG_6591-scaled-2.jpeg 1707w, https:\/\/homelessfestival.org\/wp-content\/uploads\/2023\/11\/MG_6591-scaled-2-600x900.jpeg 600w, https:\/\/homelessfestival.org\/wp-content\/uploads\/2023\/11\/MG_6591-scaled-2-200x300.jpeg 200w, https:\/\/homelessfestival.org\/wp-content\/uploads\/2023\/11\/MG_6591-scaled-2-683x1024.jpeg 683w, https:\/\/homelessfestival.org\/wp-content\/uploads\/2023\/11\/MG_6591-scaled-2-768x1152.jpeg 768w, https:\/\/homelessfestival.org\/wp-content\/uploads\/2023\/11\/MG_6591-scaled-2-1024x1536.jpeg 1024w, https:\/\/homelessfestival.org\/wp-content\/uploads\/2023\/11\/MG_6591-scaled-2-1366x2048.jpeg 1366w\" sizes=\"auto, (max-width: 1707px) 100vw, 1707px\" \/>\n\t<a href=\"#\" id=\"trigger-\" role=\"button\" data-modal=\"\" data-node=\"\">\n\t\t\t\t\t\t\t\t\tKalean Award 2021\n\t\t\t\t\t\t\t\t\t\t\t\t<\/a>\n\t\t\t\t\t\tPreview\n\t\t\tmodal-\n\t\t<h1>\n\t\t<a href=\"https:\/\/www.santurzine.es\/sz8\/selecci%C3%B3n-2020\/\" title=\"Premio Kalean 2021\" target=\"_blank\" rel=\"noopener\">\n\t\tPremio Kalean 2021\n\t\t<\/a>\n\t<\/h1>\n\t\t<h2>\n\t\t<a href=\"https:\/\/www.santurzine.es\/sz8\/selecci%C3%B3n-2020\/\" title=\"Premiado Kalean\" target=\"_blank\" rel=\"noopener\">\n\t\tPremiado Kalean\n\t\t<\/a>\n\t<\/h2>\n\t<ul>\n\t\t\t<li>\n\t\t\t\tVOTAMOS, Santiago Requejo L\u00f3pez-Mateos (13.58\u00b4)\n\t\t\t<\/li>\n\t\t<\/ul>\n\t<meta itemprop=\"url\" content=\"https:\/\/homelessfestival.org\/wp-content\/uploads\/2021\/10\/2021_Video-entrega-Premio-Kalea.mp4\" \/><video id=\"video-892-2\" width=\"640\" height=\"360\" poster=\"https:\/\/homelessfestival.org\/wp-content\/uploads\/2021\/10\/mini.jpg\" preload=\"none\" controls=\"controls\"><source type=\"video\/mp4\" src=\"https:\/\/homelessfestival.org\/wp-content\/uploads\/2021\/10\/2021_Video-entrega-Premio-Kalea.mp4?_=2\" \/><source type=\"video\/mp4\" src=\"https:\/\/homelessfestival.org\/wp-content\/uploads\/2021\/10\/2021_Video-entrega-Premio-Kalea.mp4?_=2\" \/><a href=\"https:\/\/homelessfestival.org\/wp-content\/uploads\/2021\/10\/2021_Video-entrega-Premio-Kalea.mp4\">https:\/\/homelessfestival.org\/wp-content\/uploads\/2021\/10\/2021_Video-entrega-Premio-Kalea.mp4<\/a><\/video>\n\t\t\t\t<img loading=\"lazy\" decoding=\"async\" src=\"https:\/\/homelessfestival.org\/wp-content\/uploads\/2021\/10\/FRAME-VOTAMOS.jpg\" alt=\"FRAME-VOTAMOS\" itemprop=\"image\" height=\"474\" width=\"1000\" title=\"FRAME-VOTAMOS\" onerror=\"this.style.display='none'\" srcset=\"https:\/\/homelessfestival.org\/wp-content\/uploads\/2021\/10\/FRAME-VOTAMOS.jpg 1000w, https:\/\/homelessfestival.org\/wp-content\/uploads\/2021\/10\/FRAME-VOTAMOS-600x284.jpg 600w, https:\/\/homelessfestival.org\/wp-content\/uploads\/2021\/10\/FRAME-VOTAMOS-300x142.jpg 300w, https:\/\/homelessfestival.org\/wp-content\/uploads\/2021\/10\/FRAME-VOTAMOS-768x364.jpg 768w\" sizes=\"auto, (max-width: 1000px) 100vw, 1000px\" \/>\n\t\t\t\t<img loading=\"lazy\" decoding=\"async\" src=\"https:\/\/homelessfestival.org\/wp-content\/uploads\/2021\/10\/2021_Entrega-premio-Kalean.jpg\" alt=\"2021_Entrega-premio-Kalean\" itemprop=\"image\" height=\"845\" width=\"1200\" title=\"2021_Entrega-premio-Kalean\" onerror=\"this.style.display='none'\" srcset=\"https:\/\/homelessfestival.org\/wp-content\/uploads\/2021\/10\/2021_Entrega-premio-Kalean.jpg 1200w, https:\/\/homelessfestival.org\/wp-content\/uploads\/2021\/10\/2021_Entrega-premio-Kalean-600x423.jpg 600w, https:\/\/homelessfestival.org\/wp-content\/uploads\/2021\/10\/2021_Entrega-premio-Kalean-300x211.jpg 300w, https:\/\/homelessfestival.org\/wp-content\/uploads\/2021\/10\/2021_Entrega-premio-Kalean-1024x721.jpg 1024w, https:\/\/homelessfestival.org\/wp-content\/uploads\/2021\/10\/2021_Entrega-premio-Kalean-768x541.jpg 768w\" sizes=\"auto, (max-width: 1200px) 100vw, 1200px\" \/>\n\t<a href=\"#\" id=\"trigger-\" role=\"button\" data-modal=\"\" data-node=\"\">\n\t\t\t\t\t\t\t\t\tKalean Award 2020\n\t\t\t\t\t\t\t\t\t\t\t\t<\/a>\n\t\t\t\t\t\tPreview\n\t\t\tmodal-\n\t\t<h1>\n\t\tPremio Kalean 2020\n\t<\/h1>\n\t\t<h2>\n\t\t<a href=\"https:\/\/www.santurzine.es\/sz8\/selecci%C3%B3n-2020\/\" title=\"Premiado Kalean\" target=\"_blank\" rel=\"noopener\">\n\t\tPremiado Kalean\n\t\t<\/a>\n\t<\/h2>\n\t<ul>\n\t\t\t<li>\n\t\t\t\tPremio KALEAN: BAL\u00d3N F.C., Ra\u00fal San Rom\u00e1n (6&#8242;)\n\t\t\t<\/li>\n\t\t<\/ul>\n\t<meta itemprop=\"url\" content=\"https:\/\/homelessfestival.org\/wp-content\/uploads\/2020\/10\/video-web-1.mp4\" \/><video id=\"video-892-3\" width=\"640\" height=\"360\" poster=\"https:\/\/homelessfestival.org\/wp-content\/uploads\/2021\/10\/Captura-de-pantalla-2021-10-20-a-las-10.55.34.png\" preload=\"none\" controls=\"controls\"><source type=\"video\/mp4\" src=\"https:\/\/homelessfestival.org\/wp-content\/uploads\/2020\/10\/video-web-1.mp4?_=3\" \/><source type=\"video\/mp4\" src=\"https:\/\/homelessfestival.org\/wp-content\/uploads\/2020\/10\/video-web-1.mp4?_=3\" \/><a href=\"https:\/\/homelessfestival.org\/wp-content\/uploads\/2020\/10\/video-web-1.mp4\">https:\/\/homelessfestival.org\/wp-content\/uploads\/2020\/10\/video-web-1.mp4<\/a><\/video>\n\t\t\t\t<img loading=\"lazy\" decoding=\"async\" src=\"https:\/\/homelessfestival.org\/wp-content\/uploads\/2020\/10\/fotograma-balonfc-1.jpg\" alt=\"fotograma-balonfc\" itemprop=\"image\" height=\"337\" width=\"600\" title=\"fotograma-balonfc\" onerror=\"this.style.display='none'\" srcset=\"https:\/\/homelessfestival.org\/wp-content\/uploads\/2020\/10\/fotograma-balonfc-1.jpg 600w, https:\/\/homelessfestival.org\/wp-content\/uploads\/2020\/10\/fotograma-balonfc-1-300x169.jpg 300w\" sizes=\"auto, (max-width: 600px) 100vw, 600px\" \/>\n\t\t\t\t<img loading=\"lazy\" decoding=\"async\" src=\"https:\/\/homelessfestival.org\/wp-content\/uploads\/2020\/10\/Raul-San-Roman_Balon.jpg\" alt=\"Ra\u00fal-San-Roman_Bal\u00f3n\" itemprop=\"image\" height=\"400\" width=\"600\" title=\"Ra\u00fal-San-Roman_Bal\u00f3n\" onerror=\"this.style.display='none'\" srcset=\"https:\/\/homelessfestival.org\/wp-content\/uploads\/2020\/10\/Raul-San-Roman_Balon.jpg 600w, https:\/\/homelessfestival.org\/wp-content\/uploads\/2020\/10\/Raul-San-Roman_Balon-300x200.jpg 300w\" sizes=\"auto, (max-width: 600px) 100vw, 600px\" \/>\n\t\t\t\t<img loading=\"lazy\" decoding=\"async\" src=\"https:\/\/homelessfestival.org\/wp-content\/uploads\/2020\/10\/Aitor-Ipina.jpg\" alt=\"Aitor-Ipina\" itemprop=\"image\" height=\"400\" width=\"600\" title=\"Aitor-Ipina\" onerror=\"this.style.display='none'\" srcset=\"https:\/\/homelessfestival.org\/wp-content\/uploads\/2020\/10\/Aitor-Ipina.jpg 600w, https:\/\/homelessfestival.org\/wp-content\/uploads\/2020\/10\/Aitor-Ipina-300x200.jpg 300w\" sizes=\"auto, (max-width: 600px) 100vw, 600px\" \/>\n\t\t\t\t<img loading=\"lazy\" decoding=\"async\" src=\"https:\/\/homelessfestival.org\/wp-content\/uploads\/2020\/10\/Rosa-del-Valle-1.jpg\" alt=\"Rosa-del-Valle\" itemprop=\"image\" height=\"400\" width=\"600\" title=\"Rosa-del-Valle\" onerror=\"this.style.display='none'\" srcset=\"https:\/\/homelessfestival.org\/wp-content\/uploads\/2020\/10\/Rosa-del-Valle-1.jpg 600w, https:\/\/homelessfestival.org\/wp-content\/uploads\/2020\/10\/Rosa-del-Valle-1-300x200.jpg 300w\" sizes=\"auto, (max-width: 600px) 100vw, 600px\" \/>\n\t<a href=\"#\" id=\"trigger-\" role=\"button\" data-modal=\"\" data-node=\"\">\n\t\t\t\t\t\t\t\t\tKalean Award 2019\n\t\t\t\t\t\t\t\t\t\t\t\t<\/a>\n\t\t\t\t\t\tPreview\n\t\t\tmodal-\n\t\t<h1>\n\t\tPremio Kalean 2019\n\t<\/h1>\n\t\t<h2>\n\t\t<a href=\"https:\/\/www.santurzine.es\/sz8\/selecci%C3%B3n-2020\/\" title=\"Premiado Kalean\" target=\"_blank\" rel=\"noopener\">\n\t\tPremiado Kalean\n\t\t<\/a>\n\t<\/h2>\n\t<ul>\n\t\t\t<li>\n\t\t\t\tPremio KALEAN: ROOM 601. Javi Julio (5&#8242;)\n\t\t\t<\/li>\n\t\t<\/ul>\n\t<meta itemprop=\"url\" content=\"https:\/\/homelessfestival.org\/wp-content\/uploads\/2019\/10\/Santurzine.mp4.mp4\" \/><video id=\"video-892-4\" width=\"640\" height=\"360\" poster=\"https:\/\/homelessfestival.org\/wp-content\/uploads\/2021\/10\/Captura-de-pantalla-2021-10-20-a-las-10.55.52.png\" preload=\"none\" controls=\"controls\"><source type=\"video\/mp4\" src=\"https:\/\/homelessfestival.org\/wp-content\/uploads\/2019\/10\/Santurzine.mp4.mp4?_=4\" \/><source type=\"video\/mp4\" src=\"https:\/\/homelessfestival.org\/wp-content\/uploads\/2019\/10\/Santurzine.mp4.mp4?_=4\" \/><a href=\"https:\/\/homelessfestival.org\/wp-content\/uploads\/2019\/10\/Santurzine.mp4.mp4\">https:\/\/homelessfestival.org\/wp-content\/uploads\/2019\/10\/Santurzine.mp4.mp4<\/a><\/video>\n\t\t\t\t<img loading=\"lazy\" decoding=\"async\" src=\"https:\/\/homelessfestival.org\/wp-content\/uploads\/2021\/10\/2019_Entrega-Premio-Kalean.jpg\" alt=\"2019_Entrega Premio Kalean\" itemprop=\"image\" height=\"480\" width=\"720\" title=\"2019_Entrega Premio Kalean\" onerror=\"this.style.display='none'\" srcset=\"https:\/\/homelessfestival.org\/wp-content\/uploads\/2021\/10\/2019_Entrega-Premio-Kalean.jpg 720w, https:\/\/homelessfestival.org\/wp-content\/uploads\/2021\/10\/2019_Entrega-Premio-Kalean-600x400.jpg 600w, https:\/\/homelessfestival.org\/wp-content\/uploads\/2021\/10\/2019_Entrega-Premio-Kalean-300x200.jpg 300w\" sizes=\"auto, (max-width: 720px) 100vw, 720px\" \/>\n\t\t\t\t<img loading=\"lazy\" decoding=\"async\" src=\"https:\/\/homelessfestival.org\/wp-content\/uploads\/2021\/10\/2019_Room-601.jpg\" alt=\"2019_Room-601\" itemprop=\"image\" height=\"331\" width=\"800\" title=\"2019_Room-601\" onerror=\"this.style.display='none'\" srcset=\"https:\/\/homelessfestival.org\/wp-content\/uploads\/2021\/10\/2019_Room-601.jpg 800w, https:\/\/homelessfestival.org\/wp-content\/uploads\/2021\/10\/2019_Room-601-600x248.jpg 600w, https:\/\/homelessfestival.org\/wp-content\/uploads\/2021\/10\/2019_Room-601-300x124.jpg 300w, https:\/\/homelessfestival.org\/wp-content\/uploads\/2021\/10\/2019_Room-601-768x318.jpg 768w\" sizes=\"auto, (max-width: 800px) 100vw, 800px\" \/>\n\t\t\t\t<img decoding=\"async\" src=\"https:\/\/homelessfestival.org\/wp-content\/uploads\/2025\/11\/Premio-Kalean-A-Maniki-Direccion-Elixabet-Nunez-homeless-film-festival-2.jpg\" alt=\"Premio Kalean- A- Maniki Direccion Elixabet Nunez-homeless-film-festival\" itemprop=\"image\" height=\"849\" width=\"600\" title=\"Premio Kalean- A- Maniki Direccion Elixabet Nunez-homeless-film-festival\" onerror=\"this.style.display='none'\" loading=\"lazy\" \/>\n\t<p>Kalean award 2025: &#8220;A-Maniki&#8221; from Elixabet Nu\u00f1ez<\/p>\n\t\t\t\t<img decoding=\"async\" src=\"https:\/\/homelessfestival.org\/wp-content\/uploads\/2025\/11\/a-maniki-1-2.jpg\" alt=\"a-maniki-1\" itemprop=\"image\" height=\"625\" width=\"1174\" title=\"a-maniki-1\" onerror=\"this.style.display='none'\" loading=\"lazy\" \/>\n\t\t\t\t<img decoding=\"async\" src=\"https:\/\/homelessfestival.org\/wp-content\/uploads\/2025\/11\/a-maniki-2-2.jpg\" alt=\"a-maniki-2\" itemprop=\"image\" height=\"625\" width=\"1174\" title=\"a-maniki-2\" onerror=\"this.style.display='none'\" loading=\"lazy\" \/>\n\t\t\t\t<img decoding=\"async\" src=\"https:\/\/homelessfestival.org\/wp-content\/uploads\/2025\/11\/cartel-a-maniki-homeless-film-festival-2.jpg\" alt=\"cartel-a-maniki-homeless-film-festival\" itemprop=\"image\" height=\"849\" width=\"600\" title=\"cartel-a-maniki-homeless-film-festival\" onerror=\"this.style.display='none'\" loading=\"lazy\" \/>\n\t<p>Kalean award 2025: &#8220;A-Maniki&#8221; from Elixabet Nu\u00f1ez<\/p>\n\n","protected":false},"excerpt":{"rendered":"<p>Kalean award Bizitegi, as part of the Santurzine Festival, awards the Kalean Prize to the short film that best reflects social values, with a prize of \u20ac500. This year, the&hellip;<\/p>\n","protected":false},"author":6,"featured_media":0,"parent":0,"menu_order":0,"comment_status":"closed","ping_status":"closed","template":"","meta":{"_price":"","_stock":"","_tribe_ticket_header":"","_tribe_default_ticket_provider":"","_tribe_ticket_capacity":"0","_ticket_start_date":"","_ticket_end_date":"","_tribe_ticket_show_description":"","_tribe_ticket_show_not_going":false,"_tribe_ticket_use_global_stock":"","_tribe_ticket_global_stock_level":"","_global_stock_mode":"","_global_stock_cap":"","_tribe_rsvp_for_event":"","_tribe_ticket_going_count":"","_tribe_ticket_not_going_count":"","_tribe_tickets_list":"[]","_tribe_ticket_has_attendee_info_fields":false,"footnotes":"","_tec_slr_enabled":"","_tec_slr_layout":""},"class_list":["post-892","page","type-page","status-publish","hentry"],"ticketed":false,"_links":{"self":[{"href":"https:\/\/homelessfestival.org\/en\/wp-json\/wp\/v2\/pages\/892","targetHints":{"allow":["GET"]}}],"collection":[{"href":"https:\/\/homelessfestival.org\/en\/wp-json\/wp\/v2\/pages"}],"about":[{"href":"https:\/\/homelessfestival.org\/en\/wp-json\/wp\/v2\/types\/page"}],"author":[{"embeddable":true,"href":"https:\/\/homelessfestival.org\/en\/wp-json\/wp\/v2\/users\/6"}],"replies":[{"embeddable":true,"href":"https:\/\/homelessfestival.org\/en\/wp-json\/wp\/v2\/comments?post=892"}],"version-history":[{"count":2,"href":"https:\/\/homelessfestival.org\/en\/wp-json\/wp\/v2\/pages\/892\/revisions"}],"predecessor-version":[{"id":7264,"href":"https:\/\/homelessfestival.org\/en\/wp-json\/wp\/v2\/pages\/892\/revisions\/7264"}],"wp:attachment":[{"href":"https:\/\/homelessfestival.org\/en\/wp-json\/wp\/v2\/media?parent=892"}],"curies":[{"name":"wp","href":"https:\/\/api.w.org\/{rel}","templated":true}]}}