{"id":922,"date":"2019-10-01T17:59:23","date_gmt":"2019-10-01T15:59:23","guid":{"rendered":"https:\/\/homelessfestival.org\/inicio\/"},"modified":"2025-11-18T19:46:52","modified_gmt":"2025-11-18T18:46:52","slug":"inicio","status":"publish","type":"page","link":"https:\/\/homelessfestival.org\/en\/","title":{"rendered":"Inicio"},"content":{"rendered":"\n\n\t\t\t<a href=\"https:\/\/homelessfestival.org\/en\/2024-programme\/\" target=\"_self\">\n\t\t\t\t\t\t\tProgram\n\t\t\t\t\t<\/a>\n\t\t\t<a href=\"https:\/\/homelessfestival.org\/en\/tickets\/\" target=\"_self\">\n\t\t\t\t\t\t\tTickets\n\t\t\t<\/a>\n\t<a href=\"#\" id=\"trigger-\" role=\"button\" data-modal=\"\" data-node=\"\">\n\t\t\t\t\t\t\t\t\tCollaborate\n\t\t\t\t\t\t\t\t\t\t\t\t<\/a>\n\t\t\t\t\t\tPreview\n\t\t\tmodal-\n\t\t<h1>\n\t\tHAZ TU DONATIVO Y COLABORA CON ESTE PROYECTO\n\t<\/h1>\n\t\t<h2>\n\t\tMediante transferencia bancaria (Kutxabank) o Bizum\n\t<\/h2>\n\t<ul>\n\t\t\t<li>\n\t\t\t\t<b>IBAN: <\/b> ES14 2095 0009 88 5060146567\n\t\t\t<\/li>\n\t\t\t<li>\n\t\t\t\t<b>BIC: <\/b> BASKES2BXXX\n\t\t\t<\/li>\n\t\t\t<li>\n\t\t\t\t<b>Bizum: <\/b> donaci\u00f3n solidaria (04077)\n\t\t\t<\/li>\n\t\t<\/ul>\n\t<p><u>Titularidad<\/u>: Asociaci\u00f3n Bizitegi, por una sociedad sin exclusiones<\/p>\n<p>Por favor, al efectuar su aportaci\u00f3n identifique su nombre y apellidos, DNI y provincia\/territorio de residencia a los solos efectos de cumplimentar el Modelo 182 de donaciones recibidas y poder reflejar la correspondiente deducci\u00f3n en IRPF.<\/p>\n<p>Si no lo hace al realizar su aportaci\u00f3n, h\u00e1galo, por favor, antes del 15 de enero de 2022 (a trav\u00e9s del email:\u00a0<a href=\"mailto:bizitegi@bizitegi.org\">bizitegi@bizitegi.org<\/a>) para poder ser incluido en dicho Modelo en tiempo y forma (enero 2022, respecto a aportaciones 2021)<\/p>\n\t\t\t<a href=\"https:\/\/www.flickr.com\/photos\/homelessfestival\/albums\/\" target=\"_blank\" rel=\"noopener nofollow\">\n\t\t\t\t\t\t\tPictures\n\t\t\t<\/a>\n\t\t\t\t<img decoding=\"async\" src=\"https:\/\/homelessfestival.org\/wp-content\/uploads\/2023\/09\/Captura-de-pantalla-2023-09-25-a-las-14.20.22-150x150.png\" alt=\"Captura de pantalla 2023-09-25 a las 14.20.22\" itemprop=\"image\" height=\"150\" width=\"150\" title=\"Captura de pantalla 2023-09-25 a las 14.20.22\" onerror=\"this.style.display='none'\" loading=\"lazy\" \/>\n\t\t\t<a href=\"https:\/\/homelessfestival.org\/noticias\/\" target=\"_self\">\n\t\t\t\t\t\t\tNews\n\t\t\t\t\t<\/a>\n\t<p><a href=\"https:\/\/homelessfestival.org\/en\/news\/\">+ News<\/a><\/p>\n\t\t\t<a href=\"https:\/\/homelessfestival.org\/en\/videos\/\" target=\"_self\">\n\t\t\t\t\t\t\tVideos\n\t\t\t\t\t<\/a>\n\t<iframe allowfullscreen allow=\"autoplay\" data-src=\"https:\/\/www.youtube.com\/embed\/wL-u0Fhewak?feature=oembed&amp;start&amp;end&amp;wmode=opaque&amp;loop=0&amp;controls=1&amp;mute=0&amp;rel=0&amp;modestbranding=0\"><\/iframe>\t\t\n\t\t\t\t\tPlay Video\n\t<iframe allowfullscreen allow=\"autoplay\" data-src=\"https:\/\/www.youtube.com\/embed\/3L4Wx3pJzLg?feature=oembed&amp;start&amp;end&amp;wmode=opaque&amp;loop=0&amp;controls=1&amp;mute=0&amp;rel=0&amp;modestbranding=0\"><\/iframe>\t\t\n\t\t\t\t\tPlay Video\n\t\t\t<a href=\"https:\/\/www.facebook.com\/Homeless-Festival-107386984015307\/\" target=\"_blank\" rel=\"noopener\">\n\t\t\t\t\t\t\tFacebook\n\t\t\t\t\t<\/a>\n\t\t<blockquote cite=\"https:\/\/www.facebook.com\/Homeless-Festival-107386984015307\/\"><a href=\"https:\/\/www.facebook.com\/Homeless-Festival-107386984015307\/\" target=\"_blank\" rel=\"noopener\"><\/a><\/blockquote>\n<h2>\n\t\t\tSponsors\t<\/h2>\n\t\t\t\t<a href=\"https:\/\/www.euskadi.eus\/gobierno-vasco\/cultura\/\" target=\"_blank\" rel=\"noopener nofollow\" itemprop=\"url\">\n\t\t\t\t<img decoding=\"async\" src=\"https:\/\/homelessfestival.org\/wp-content\/uploads\/2024\/10\/HFF24-Logoak-02.jpg\" alt=\"HFF24-Logoak-02\" itemprop=\"image\" height=\"710\" width=\"1261\" title=\"HFF24-Logoak-02\" onerror=\"this.style.display='none'\" loading=\"lazy\" \/>\n\t\t\t\t<\/a>\n\t\t\t\t<a href=\"https:\/\/www.bizkaia.eus\/\" target=\"_blank\" rel=\"noopener nofollow\" itemprop=\"url\">\n\t\t\t\t<img decoding=\"async\" src=\"https:\/\/homelessfestival.org\/wp-content\/uploads\/2025\/07\/HOMELESS-FILM-FEST-LOGOAK-2.jpg\" alt=\"HOMELESS FILM FEST - LOGOAK\" itemprop=\"image\" height=\"628\" width=\"1252\" title=\"HOMELESS FILM FEST - LOGOAK\" onerror=\"this.style.display='none'\" loading=\"lazy\" \/>\n\t\t\t\t<\/a>\n\t\t\t\t<a href=\"https:\/\/www.eitb.eus\/es\/\" target=\"_blank\" rel=\"noopener nofollow\" itemprop=\"url\">\n\t\t\t\t<img decoding=\"async\" src=\"https:\/\/homelessfestival.org\/wp-content\/uploads\/2024\/10\/HFF24-Logoak_Mesa-de-trabajo-1.jpg\" alt=\"HFF24-Logoak_Mesa de trabajo 1\" itemprop=\"image\" height=\"710\" width=\"1260\" title=\"HFF24-Logoak_Mesa de trabajo 1\" onerror=\"this.style.display='none'\" loading=\"lazy\" \/>\n\t\t\t\t<\/a>\n<h2>\n\t\t\tCollaborators\t<\/h2>\n\t\t\t\t<a href=\"https:\/\/www.bbk.eus\/es\/obra-social\/\" target=\"_blank\" rel=\"noopener nofollow\" itemprop=\"url\">\n\t\t\t\t<img decoding=\"async\" src=\"https:\/\/homelessfestival.org\/wp-content\/uploads\/2025\/10\/bbk-nueva-marca-2.jpg\" alt=\"bbk nueva marca\" itemprop=\"image\" height=\"784\" width=\"1845\" title=\"bbk nueva marca\" onerror=\"this.style.display='none'\" loading=\"lazy\" \/>\n\t\t\t\t<\/a>\n\t\t\t\t<a href=\"https:\/\/www.serantes.com\/cine-club\/\" target=\"_blank\" rel=\"noopener nofollow\" itemprop=\"url\">\n\t\t\t\t<img decoding=\"async\" src=\"https:\/\/homelessfestival.org\/wp-content\/uploads\/2024\/10\/HFF24-Logoak-07.jpg\" alt=\"HFF24-Logoak-07\" itemprop=\"image\" height=\"710\" width=\"1261\" title=\"HFF24-Logoak-07\" onerror=\"this.style.display='none'\" loading=\"lazy\" \/>\n\t\t\t\t<\/a>\n\t\t\t\t<a href=\"https:\/\/www.metrobilbao.eus\/\" target=\"_blank\" rel=\"noopener nofollow\" itemprop=\"url\">\n\t\t\t\t<img decoding=\"async\" src=\"https:\/\/homelessfestival.org\/wp-content\/uploads\/2025\/07\/HOMELESS-FILM-FEST-LOGOAK-17.jpg\" alt=\"HOMELESS FILM FEST - LOGOAK-17\" itemprop=\"image\" height=\"628\" width=\"1252\" title=\"HOMELESS FILM FEST - LOGOAK-17\" onerror=\"this.style.display='none'\" loading=\"lazy\" \/>\n\t\t\t\t<\/a>\n\t\t\t\t<a href=\"https:\/\/www.golem.es\/golem\/golem-alhondiga\" target=\"_blank\" rel=\"noopener nofollow\" itemprop=\"url\">\n\t\t\t\t<img decoding=\"async\" src=\"https:\/\/homelessfestival.org\/wp-content\/uploads\/2024\/10\/HFF24-Logoak-08.jpg\" alt=\"HFF24-Logoak-08\" itemprop=\"image\" height=\"710\" width=\"1260\" title=\"HFF24-Logoak-08\" onerror=\"this.style.display='none'\" loading=\"lazy\" \/>\n\t\t\t\t<\/a>\n\t\t\t\t<a href=\"https:\/\/lamiabbkhostel.com\/\" target=\"_blank\" rel=\"noopener nofollow\" itemprop=\"url\">\n\t\t\t\t<img decoding=\"async\" src=\"https:\/\/homelessfestival.org\/wp-content\/uploads\/2025\/07\/HOMELESS-FILM-FEST-LOGOAK-16.jpg\" alt=\"HOMELESS FILM FEST - LOGOAK-16\" itemprop=\"image\" height=\"628\" width=\"1252\" title=\"HOMELESS FILM FEST - LOGOAK-16\" onerror=\"this.style.display='none'\" loading=\"lazy\" \/>\n\t\t\t\t<\/a>\n\t\t\t\t<a href=\"https:\/\/www.santurzine.es\/\" target=\"_blank\" rel=\"noopener nofollow\" itemprop=\"url\">\n\t\t\t\t<img decoding=\"async\" src=\"https:\/\/homelessfestival.org\/wp-content\/uploads\/2024\/10\/HFF24-Logoak-06.jpg\" alt=\"HFF24-Logoak-06\" itemprop=\"image\" height=\"710\" width=\"1260\" title=\"HFF24-Logoak-06\" onerror=\"this.style.display='none'\" loading=\"lazy\" \/>\n\t\t\t\t<\/a>\n<h2>\n\t\t\tParticipants\t<\/h2>\n\t\t\t\t\t\t\t\t<a href=\"https:\/\/www.ehu.eus\/\" target=\"_blank\" itemprop=\"url\" rel=\"noopener nofollow\">\n\t\t\t\t\t\t\t\t\t<img loading=\"lazy\" decoding=\"async\" src=\"https:\/\/homelessfestival.org\/wp-content\/uploads\/2025\/10\/EHU_logotipo_positiboa_BAXUA.png\" alt=\"EHU_logotipo_positiboa_BAXUA\" itemprop=\"image\" height=\"363\" width=\"363\" srcset=\"https:\/\/homelessfestival.org\/wp-content\/uploads\/2025\/10\/EHU_logotipo_positiboa_BAXUA.png 363w, https:\/\/homelessfestival.org\/wp-content\/uploads\/2025\/10\/EHU_logotipo_positiboa_BAXUA-300x300.png 300w, https:\/\/homelessfestival.org\/wp-content\/uploads\/2025\/10\/EHU_logotipo_positiboa_BAXUA-150x150.png 150w, https:\/\/homelessfestival.org\/wp-content\/uploads\/2025\/10\/EHU_logotipo_positiboa_BAXUA-100x100.png 100w\" sizes=\"auto, (max-width: 363px) 100vw, 363px\" title=\"EHU_logotipo_positiboa_BAXUA\" onerror=\"this.style.display='none'\"  \/>\n\t\t\t\t\t\t\t\t\t\t\t\t\t<\/a>\n\t\t\t\t\t\t\t\t<a href=\"https:\/\/www.deusto.es\/\" target=\"_blank\" itemprop=\"url\" rel=\"noopener nofollow\">\n\t\t\t\t\t\t\t\t\t<img loading=\"lazy\" decoding=\"async\" src=\"https:\/\/homelessfestival.org\/wp-content\/uploads\/2025\/10\/u-deusto-logo.jpg\" alt=\"u-deusto-logo\" itemprop=\"image\" height=\"287\" width=\"673\" srcset=\"https:\/\/homelessfestival.org\/wp-content\/uploads\/2025\/10\/u-deusto-logo.jpg 673w, https:\/\/homelessfestival.org\/wp-content\/uploads\/2025\/10\/u-deusto-logo-300x128.jpg 300w, https:\/\/homelessfestival.org\/wp-content\/uploads\/2025\/10\/u-deusto-logo-600x256.jpg 600w\" sizes=\"auto, (max-width: 673px) 100vw, 673px\" title=\"u-deusto-logo\" onerror=\"this.style.display='none'\"  \/>\n\t\t\t\t\t\t\t\t\t\t\t\t\t<\/a>\n\t\t\t\t\t\t\t\t<a href=\"https:\/\/ondarroabhi.hezkuntza.net\/\" target=\"_blank\" itemprop=\"url\" rel=\"noopener nofollow\">\n\t\t\t\t\t\t\t\t\t<img loading=\"lazy\" decoding=\"async\" src=\"https:\/\/homelessfestival.org\/wp-content\/uploads\/2024\/10\/HFF24-Logoak-14.jpg\" alt=\"HFF24-Logoak-14\" itemprop=\"image\" height=\"710\" width=\"1260\" srcset=\"https:\/\/homelessfestival.org\/wp-content\/uploads\/2024\/10\/HFF24-Logoak-14.jpg 1260w, https:\/\/homelessfestival.org\/wp-content\/uploads\/2024\/10\/HFF24-Logoak-14-600x338.jpg 600w, https:\/\/homelessfestival.org\/wp-content\/uploads\/2024\/10\/HFF24-Logoak-14-300x169.jpg 300w, https:\/\/homelessfestival.org\/wp-content\/uploads\/2024\/10\/HFF24-Logoak-14-1024x577.jpg 1024w, https:\/\/homelessfestival.org\/wp-content\/uploads\/2024\/10\/HFF24-Logoak-14-768x433.jpg 768w\" sizes=\"auto, (max-width: 1260px) 100vw, 1260px\" title=\"HFF24-Logoak-14\" onerror=\"this.style.display='none'\"  \/>\n\t\t\t\t\t\t\t\t\t\t\t\t\t<\/a>\n\t\t\t\t<a href=\"https:\/\/www.begonazpi.org\/\" target=\"_blank\" rel=\"noopener nofollow\" itemprop=\"url\">\n\t\t\t\t<img decoding=\"async\" src=\"https:\/\/homelessfestival.org\/wp-content\/uploads\/2024\/10\/HFF24-Logoak-10.jpg\" alt=\"HFF24-Logoak-10\" itemprop=\"image\" height=\"710\" width=\"1260\" title=\"HFF24-Logoak-10\" onerror=\"this.style.display='none'\" loading=\"lazy\" \/>\n\t\t\t\t<\/a>\n\t\t\t\t<a href=\"https:\/\/www.artxandape.net\/es\/\" target=\"_blank\" rel=\"noopener nofollow\" itemprop=\"url\">\n\t\t\t\t<img decoding=\"async\" src=\"https:\/\/homelessfestival.org\/wp-content\/uploads\/2024\/10\/HFF24-Logoak-11.jpg\" alt=\"HFF24-Logoak-11\" itemprop=\"image\" height=\"710\" width=\"1260\" title=\"HFF24-Logoak-11\" onerror=\"this.style.display='none'\" loading=\"lazy\" \/>\n\t\t\t\t<\/a>\n\t\t\t\t<a href=\"https:\/\/meka-elgoibar.hezkuntza.net\/es\/portada\" target=\"_blank\" rel=\"noopener nofollow\" itemprop=\"url\">\n\t\t\t\t<img decoding=\"async\" src=\"https:\/\/homelessfestival.org\/wp-content\/uploads\/2024\/10\/HFF24-Logoak-16.jpg\" alt=\"HFF24-Logoak-16\" itemprop=\"image\" height=\"710\" width=\"1260\" title=\"HFF24-Logoak-16\" onerror=\"this.style.display='none'\" loading=\"lazy\" \/>\n\t\t\t\t<\/a>\n\n","protected":false},"excerpt":{"rendered":"<p>Program Tickets Collaborate Preview modal- HAZ TU DONATIVO Y COLABORA CON ESTE PROYECTO Mediante transferencia bancaria (Kutxabank) o Bizum IBAN: ES14 2095 0009 88 5060146567 BIC: BASKES2BXXX Bizum: donaci\u00f3n solidaria&hellip;<\/p>\n","protected":false},"author":6,"featured_media":0,"parent":0,"menu_order":0,"comment_status":"closed","ping_status":"closed","template":"","meta":{"_price":"","_stock":"","_tribe_ticket_header":"","_tribe_default_ticket_provider":"","_tribe_ticket_capacity":"0","_ticket_start_date":"","_ticket_end_date":"","_tribe_ticket_show_description":"","_tribe_ticket_show_not_going":false,"_tribe_ticket_use_global_stock":"","_tribe_ticket_global_stock_level":"","_global_stock_mode":"","_global_stock_cap":"","_tribe_rsvp_for_event":"","_tribe_ticket_going_count":"","_tribe_ticket_not_going_count":"","_tribe_tickets_list":"[]","_tribe_ticket_has_attendee_info_fields":false,"footnotes":"","_tec_slr_enabled":"","_tec_slr_layout":""},"class_list":["post-922","page","type-page","status-publish","hentry"],"ticketed":false,"_links":{"self":[{"href":"https:\/\/homelessfestival.org\/en\/wp-json\/wp\/v2\/pages\/922","targetHints":{"allow":["GET"]}}],"collection":[{"href":"https:\/\/homelessfestival.org\/en\/wp-json\/wp\/v2\/pages"}],"about":[{"href":"https:\/\/homelessfestival.org\/en\/wp-json\/wp\/v2\/types\/page"}],"author":[{"embeddable":true,"href":"https:\/\/homelessfestival.org\/en\/wp-json\/wp\/v2\/users\/6"}],"replies":[{"embeddable":true,"href":"https:\/\/homelessfestival.org\/en\/wp-json\/wp\/v2\/comments?post=922"}],"version-history":[{"count":4,"href":"https:\/\/homelessfestival.org\/en\/wp-json\/wp\/v2\/pages\/922\/revisions"}],"predecessor-version":[{"id":7268,"href":"https:\/\/homelessfestival.org\/en\/wp-json\/wp\/v2\/pages\/922\/revisions\/7268"}],"wp:attachment":[{"href":"https:\/\/homelessfestival.org\/en\/wp-json\/wp\/v2\/media?parent=922"}],"curies":[{"name":"wp","href":"https:\/\/api.w.org\/{rel}","templated":true}]}}